{"id":1368,"date":"2025-08-20T08:23:57","date_gmt":"2025-08-20T08:23:57","guid":{"rendered":"https:\/\/smartasg.com\/?page_id=1368"},"modified":"2025-08-20T08:23:57","modified_gmt":"2025-08-20T08:23:57","slug":"bilgi-guvenligi-politikasi","status":"publish","type":"page","link":"https:\/\/smartasg.com\/?page_id=1368","title":{"rendered":"Bilgi G\u00fcvenli\u011fi Politikas\u0131"},"content":{"rendered":"\n<p>Bilgi g\u00fcvenli\u011fi ve gizlilik politikas\u0131:<\/p>\n\n\n\n<p>Smart Asistanl\u0131k, \u015firketin s\u00fcrd\u00fcr\u00fclebilir ba\u015far\u0131s\u0131nda ve iyi y\u00f6netim uygulamalar\u0131nda her \u015fekildeki bilginin gizlili\u011finin, b\u00fct\u00fcnl\u00fc\u011f\u00fcn\u00fcn ve eri\u015febilirli\u011finin kritik rol\u00fc oldu\u011funun ve bilgi g\u00fcvenli\u011finin yeterli bir seviyede sa\u011flanamamas\u0131n\u0131n finansal kay\u0131plar yan\u0131nda itibar kayb\u0131 riskini de art\u0131raca\u011f\u0131n\u0131n fark\u0131ndad\u0131r.<\/p>\n\n\n\n<p>Bu bilgi g\u00fcvenli\u011fi politikas\u0131, Smart Asistanl\u0131\u011f\u0131n Bilgi G\u00fcvenli\u011fi y\u00f6netimine yakla\u015f\u0131m\u0131n\u0131 \u00f6zetlemesinin yan\u0131nda, bilgi sistemlerinin g\u00fcvenli\u011finin korunmas\u0131 i\u00e7in gerekli y\u00f6nlendirici ilkeleri ve sorumluluklar\u0131 ortaya koyar.<\/p>\n\n\n\n<p>Smart Asistanl\u0131k, korumakla y\u00fck\u00fcml\u00fc oldu\u011fu bilgilerin gizlili\u011finin, b\u00fct\u00fcnl\u00fc\u011f\u00fcn\u00fcn ve eri\u015febilirli\u011finin gerekti\u011fi \u015fekilde sa\u011flanmas\u0131 amac\u0131yla TS ISO\/IEC 27001 Standartlar\u0131na uygun \u015fekilde;<\/p>\n\n\n\n<ul>\n<li>Bilgi G\u00fcvenli\u011fi Y\u00f6netim Sisteminin kurulmas\u0131 ve i\u015fletilmesini,<\/li>\n\n\n\n<li>Ger\u00e7ekle\u015ftirdi\u011fimiz faaliyetlerle ilgili g\u00fcncel mevzuatlar\u0131 takip etmeyi,<\/li>\n\n\n\n<li>Yapt\u0131\u011f\u0131m\u0131z t\u00fcm faaliyetlerin etkin, do\u011fru, h\u0131zl\u0131 ve g\u00fcvenli olarak eksiksiz tamamlamay\u0131,<\/li>\n\n\n\n<li>Firmam\u0131za, m\u00fc\u015fterilerimize, \u00e7al\u0131\u015fanlar\u0131m\u0131za, tedarik\u00e7i ve i\u015f ortaklar\u0131m\u0131za ait her t\u00fcrl\u00fc bilgi varl\u0131\u011f\u0131na eri\u015fimde gizlilik, eri\u015filebilirlik ve b\u00fct\u00fcnl\u00fckleri \u00fczerindeki risklerin fark\u0131nda olarak faaliyetlerimizi y\u00fcr\u00fctmeyi,<\/li>\n\n\n\n<li>Bilgi g\u00fcvenli\u011fi y\u00f6netim sisteminin ve bilgi g\u00fcvenli\u011fi fark\u0131ndal\u0131\u011f\u0131n\u0131n kurum k\u00fclt\u00fcr\u00fc haline getirilmesini sa\u011flamay\u0131,<\/li>\n\n\n\n<li>\u0130\u015f s\u00fcreklili\u011fi ve hizmet s\u00fcreklili\u011fini sa\u011flamak \u00fczere gerekli planlar\u0131n haz\u0131rlanmas\u0131, uygulanmas\u0131 ve test edilmesini sa\u011flamay\u0131,<\/li>\n\n\n\n<li>Bilgi varl\u0131klar\u0131m\u0131za ve s\u00fcre\u00e7lerimize y\u00f6nelik risklerin kabul g\u00f6rm\u00fc\u015f risk y\u00f6netim metodolojilerine uygun olarak de\u011ferlendirilmesi ve i\u015flenmesinin sa\u011flanmas\u0131n\u0131,<\/li>\n\n\n\n<li>Bilgiye dayal\u0131 hizmet sundu\u011fumuz sekt\u00f6r\u00fcm\u00fczdeki geli\u015fen teknolojilerden ve bilgi birikimlerinden faydalanmak \u00fczere \u00f6zel ilgi gruplar\u0131 ile ileti\u015fim halinde olmay\u0131, taahh\u00fct ediyoruz.<\/li>\n<\/ul>\n","protected":false},"excerpt":{"rendered":"<p>Bilgi g\u00fcvenli\u011fi ve gizlilik politikas\u0131: Smart Asistanl\u0131k, \u015firketin s\u00fcrd\u00fcr\u00fclebilir ba\u015far\u0131s\u0131nda ve iyi y\u00f6netim uygulamalar\u0131nda her \u015fekildeki bilginin gizlili\u011finin, b\u00fct\u00fcnl\u00fc\u011f\u00fcn\u00fcn ve eri\u015febilirli\u011finin kritik rol\u00fc oldu\u011funun ve bilgi g\u00fcvenli\u011finin yeterli bir seviyede sa\u011flanamamas\u0131n\u0131n finansal kay\u0131plar yan\u0131nda itibar kayb\u0131 riskini de art\u0131raca\u011f\u0131n\u0131n fark\u0131ndad\u0131r. Bu bilgi g\u00fcvenli\u011fi politikas\u0131, Smart Asistanl\u0131\u011f\u0131n Bilgi G\u00fcvenli\u011fi y\u00f6netimine yakla\u015f\u0131m\u0131n\u0131 \u00f6zetlemesinin yan\u0131nda, bilgi sistemlerinin g\u00fcvenli\u011finin &hellip;<\/p>\n<p class=\"read-more\"> <a class=\"\" href=\"https:\/\/smartasg.com\/?page_id=1368\"> <span class=\"screen-reader-text\">Bilgi G\u00fcvenli\u011fi Politikas\u0131<\/span> Devam\u0131 &raquo;<\/a><\/p>\n","protected":false},"author":1,"featured_media":0,"parent":0,"menu_order":0,"comment_status":"closed","ping_status":"closed","template":"","meta":{"site-sidebar-layout":"default","site-content-layout":"default","ast-global-header-display":"","ast-banner-title-visibility":"","ast-main-header-display":"","ast-hfb-above-header-display":"","ast-hfb-below-header-display":"","ast-hfb-mobile-header-display":"","site-post-title":"","ast-breadcrumbs-content":"","ast-featured-img":"","footer-sml-layout":"","theme-transparent-header-meta":"","adv-header-id-meta":"","stick-header-meta":"","header-above-stick-meta":"","header-main-stick-meta":"","header-below-stick-meta":""},"_links":{"self":[{"href":"https:\/\/smartasg.com\/index.php?rest_route=\/wp\/v2\/pages\/1368"}],"collection":[{"href":"https:\/\/smartasg.com\/index.php?rest_route=\/wp\/v2\/pages"}],"about":[{"href":"https:\/\/smartasg.com\/index.php?rest_route=\/wp\/v2\/types\/page"}],"author":[{"embeddable":true,"href":"https:\/\/smartasg.com\/index.php?rest_route=\/wp\/v2\/users\/1"}],"replies":[{"embeddable":true,"href":"https:\/\/smartasg.com\/index.php?rest_route=%2Fwp%2Fv2%2Fcomments&post=1368"}],"version-history":[{"count":1,"href":"https:\/\/smartasg.com\/index.php?rest_route=\/wp\/v2\/pages\/1368\/revisions"}],"predecessor-version":[{"id":1369,"href":"https:\/\/smartasg.com\/index.php?rest_route=\/wp\/v2\/pages\/1368\/revisions\/1369"}],"wp:attachment":[{"href":"https:\/\/smartasg.com\/index.php?rest_route=%2Fwp%2Fv2%2Fmedia&parent=1368"}],"curies":[{"name":"wp","href":"https:\/\/api.w.org\/{rel}","templated":true}]}}