{"id":1366,"date":"2025-08-20T08:21:19","date_gmt":"2025-08-20T08:21:19","guid":{"rendered":"https:\/\/smartasg.com\/?page_id=1366"},"modified":"2025-08-20T08:21:19","modified_gmt":"2025-08-20T08:21:19","slug":"kalite-politikasi","status":"publish","type":"page","link":"https:\/\/smartasg.com\/?page_id=1366","title":{"rendered":"Kalite Politikas\u0131"},"content":{"rendered":"\n<p>Kalite Politikas\u0131;&nbsp;<\/p>\n\n\n\n<p>\u200b<a><\/a><\/p>\n\n\n\n<p>Smart Asistanl\u0131k olarak s\u00fcrd\u00fcr\u00fclebilir ba\u015far\u0131ya ula\u015fmada ve iyi y\u00f6netim uygulamalar\u0131nda kalite y\u00f6netiminin kritik bir rol oynad\u0131\u011f\u0131n\u0131n bilincindeyiz. Kaliteyi sadece bir hedef de\u011fil, t\u00fcm i\u015f s\u00fcre\u00e7lerimizin temel ta\u015f\u0131 olarak g\u00f6rmekteyiz. Bu kapsamda, Kalite Y\u00f6netim Sistemimizin etkinli\u011fini sa\u011flamak, m\u00fc\u015fteri memnuniyetini art\u0131rmak ve s\u00fcrekli iyile\u015fmeyi garanti alt\u0131na almak amac\u0131yla Kalite Y\u00f6netim Sistemi Standard\u0131na uygun olarak;<\/p>\n\n\n\n<p>\u2022&nbsp;Kalite Y\u00f6netim Sistemimizin kurulmas\u0131, s\u00fcrd\u00fcr\u00fclmesi ve s\u00fcrekli iyile\u015ftirilmesini,<\/p>\n\n\n\n<p>\u2022&nbsp;T\u00fcm yasal ve d\u00fczenleyici \u015fartlara tam uyumu,<\/p>\n\n\n\n<p>\u2022&nbsp;Ger\u00e7ekle\u015ftirdi\u011fimiz t\u00fcm faaliyetlerin etkin, do\u011fru, h\u0131zl\u0131 ve m\u00fc\u015fteri odakl\u0131 bir \u015fekilde tamamlanmas\u0131n\u0131,<\/p>\n\n\n\n<p>\u2022&nbsp;M\u00fc\u015fterilerimizin, \u00e7al\u0131\u015fanlar\u0131m\u0131z\u0131n, i\u015f ortaklar\u0131m\u0131z\u0131n ve tedarik\u00e7ilerimizin beklenti ve ihtiya\u00e7lar\u0131n\u0131 en \u00fcst d\u00fczeyde kar\u015f\u0131lamay\u0131,<\/p>\n\n\n\n<p>\u2022&nbsp;Risk temelli d\u00fc\u015f\u00fcnme yakla\u015f\u0131m\u0131 ile s\u00fcre\u00e7lerimizdeki olas\u0131 riskleri \u00f6nceden belirlemeyi ve bunlar\u0131 etkin \u015fekilde y\u00f6netmeyi,<\/p>\n\n\n\n<p>\u2022&nbsp;\u0130\u015f ve hizmet s\u00fcreklili\u011fini sa\u011flamak amac\u0131yla gerekli planlar\u0131 haz\u0131rlamay\u0131, uygulamay\u0131 ve test etmeyi,<\/p>\n\n\n\n<p>\u2022&nbsp;Kalite bilincinin t\u00fcm \u00e7al\u0131\u015fanlar\u0131m\u0131za benimsetilerek kurum k\u00fclt\u00fcr\u00fc haline getirilmesini,<\/p>\n\n\n\n<p>\u2022&nbsp;Geli\u015fen teknolojileri ve sekt\u00f6r\u00fcm\u00fczdeki yenilikleri takip ederek s\u00fcrekli geli\u015fmeyi,<\/p>\n\n\n\n<p>\u2022&nbsp;\u00c7evresel etkilerimizi azaltmay\u0131, iklim de\u011fi\u015fikli\u011fi konusunda fark\u0131ndal\u0131\u011f\u0131 art\u0131rmay\u0131 ve \u00e7evre dostu uygulamalar\u0131 te\u015fvik ederek s\u00fcrd\u00fcr\u00fclebilir bir gelecek i\u00e7in sorumluluk almay\u0131,<\/p>\n\n\n\n<p>\u2022&nbsp;Karbon ayak izimizi azaltmak \u00fczere enerji verimlili\u011fini art\u0131rmay\u0131, do\u011fal kaynaklar\u0131 sorumlu \u015fekilde kullanmay\u0131 ve \u00e7evresel performans\u0131m\u0131z\u0131 \u00f6l\u00e7erek s\u00fcrekli iyile\u015ftirmeyi,<\/p>\n\n\n\n<p>\u2022\u00a0Kalite hedeflerinin belirlenmesini, izlenmesini ve g\u00f6zden ge\u00e7irilmesini sa\u011flayacak y\u00f6netim sistemleri kurmay\u0131, taahh\u00fct ediyoruz.<\/p>\n\n\n\n<p><\/p>\n","protected":false},"excerpt":{"rendered":"<p>Kalite Politikas\u0131;&nbsp; \u200b Smart Asistanl\u0131k olarak s\u00fcrd\u00fcr\u00fclebilir ba\u015far\u0131ya ula\u015fmada ve iyi y\u00f6netim uygulamalar\u0131nda kalite y\u00f6netiminin kritik bir rol oynad\u0131\u011f\u0131n\u0131n bilincindeyiz. Kaliteyi sadece bir hedef de\u011fil, t\u00fcm i\u015f s\u00fcre\u00e7lerimizin temel ta\u015f\u0131 olarak g\u00f6rmekteyiz. Bu kapsamda, Kalite Y\u00f6netim Sistemimizin etkinli\u011fini sa\u011flamak, m\u00fc\u015fteri memnuniyetini art\u0131rmak ve s\u00fcrekli iyile\u015fmeyi garanti alt\u0131na almak amac\u0131yla Kalite Y\u00f6netim Sistemi Standard\u0131na uygun olarak; &hellip;<\/p>\n<p class=\"read-more\"> <a class=\"\" href=\"https:\/\/smartasg.com\/?page_id=1366\"> <span class=\"screen-reader-text\">Kalite Politikas\u0131<\/span> Devam\u0131 &raquo;<\/a><\/p>\n","protected":false},"author":1,"featured_media":0,"parent":0,"menu_order":0,"comment_status":"closed","ping_status":"closed","template":"","meta":{"site-sidebar-layout":"default","site-content-layout":"default","ast-global-header-display":"","ast-banner-title-visibility":"","ast-main-header-display":"","ast-hfb-above-header-display":"","ast-hfb-below-header-display":"","ast-hfb-mobile-header-display":"","site-post-title":"","ast-breadcrumbs-content":"","ast-featured-img":"","footer-sml-layout":"","theme-transparent-header-meta":"","adv-header-id-meta":"","stick-header-meta":"","header-above-stick-meta":"","header-main-stick-meta":"","header-below-stick-meta":""},"_links":{"self":[{"href":"https:\/\/smartasg.com\/index.php?rest_route=\/wp\/v2\/pages\/1366"}],"collection":[{"href":"https:\/\/smartasg.com\/index.php?rest_route=\/wp\/v2\/pages"}],"about":[{"href":"https:\/\/smartasg.com\/index.php?rest_route=\/wp\/v2\/types\/page"}],"author":[{"embeddable":true,"href":"https:\/\/smartasg.com\/index.php?rest_route=\/wp\/v2\/users\/1"}],"replies":[{"embeddable":true,"href":"https:\/\/smartasg.com\/index.php?rest_route=%2Fwp%2Fv2%2Fcomments&post=1366"}],"version-history":[{"count":1,"href":"https:\/\/smartasg.com\/index.php?rest_route=\/wp\/v2\/pages\/1366\/revisions"}],"predecessor-version":[{"id":1367,"href":"https:\/\/smartasg.com\/index.php?rest_route=\/wp\/v2\/pages\/1366\/revisions\/1367"}],"wp:attachment":[{"href":"https:\/\/smartasg.com\/index.php?rest_route=%2Fwp%2Fv2%2Fmedia&parent=1366"}],"curies":[{"name":"wp","href":"https:\/\/api.w.org\/{rel}","templated":true}]}}